{"id":566,"date":"2025-05-24T11:28:51","date_gmt":"2025-05-24T11:28:51","guid":{"rendered":"https:\/\/foglalas.foglalo.app\/videkivendeghazveszto\/?page_id=566"},"modified":"2025-05-24T11:28:51","modified_gmt":"2025-05-24T11:28:51","slug":"ajanlatkeres","status":"publish","type":"page","link":"https:\/\/foglalas.foglalo.app\/videkivendeghazveszto\/ajanlatkeres\/","title":{"rendered":"Aj\u00e1nlatk\u00e9r\u00e9s"},"content":{"rendered":"<div class=\"forminator-ui forminator-custom-form forminator-custom-form-564 forminator-design--default  forminator_ajax\" data-forminator-render=\"0\" data-form=\"forminator-module-564\" data-uid=\"69e62ada3489c\"><br\/><\/div><form\n\t\t\t\tid=\"forminator-module-564\"\n\t\t\t\tclass=\"forminator-ui forminator-custom-form forminator-custom-form-564 forminator-design--default  forminator_ajax\"\n\t\t\t\tmethod=\"post\"\n\t\t\t\tdata-forminator-render=\"0\"\n\t\t\t\tdata-form-id=\"564\"\n\t\t\t\t\n\t\t\t\tdata-design=\"default\"\n\t\t\t\t\n\t\t\t\t\n\t\t\t\t\n\t\t\t\tdata-grid=\"open\"\n\t\t\t\t\n\t\t\t\t\n\t\t\t\tstyle=\"display: none;\"\n\t\t\t\t\n\t\t\t\tdata-uid=\"69e62ada3489c\"\n\t\t\t><div role=\"alert\" aria-live=\"polite\" class=\"forminator-response-message forminator-error\" aria-hidden=\"true\"><\/div><div class=\"forminator-row\"><div id=\"name-1\" class=\"forminator-field-name forminator-col forminator-col-12 \"><div class=\"forminator-field\"><label for=\"forminator-field-name-1_69e62ada3489c\" id=\"forminator-field-name-1_69e62ada3489c-label\" class=\"forminator-label\">Teljes n\u00e9v <span class=\"forminator-required\">*<\/span><\/label><input type=\"text\" name=\"name-1\" value=\"\" placeholder=\"\" id=\"forminator-field-name-1_69e62ada3489c\" class=\"forminator-input forminator-name--field\" aria-required=\"true\" \/><\/div><\/div><\/div><div class=\"forminator-row\"><div id=\"email-1\" class=\"forminator-field-email forminator-col forminator-col-12 \"><div class=\"forminator-field\"><label for=\"forminator-field-email-1_69e62ada3489c\" id=\"forminator-field-email-1_69e62ada3489c-label\" class=\"forminator-label\">E-mail: <span class=\"forminator-required\">*<\/span><\/label><input type=\"email\" name=\"email-1\" value=\"\" placeholder=\"\" id=\"forminator-field-email-1_69e62ada3489c\" class=\"forminator-input forminator-email--field\" data-required=\"1\" aria-required=\"true\" \/><\/div><\/div><\/div><div class=\"forminator-row\"><div id=\"phone-1\" class=\"forminator-field-phone forminator-col forminator-col-12 \"><div class=\"forminator-field\"><label for=\"forminator-field-phone-1_69e62ada3489c\" id=\"forminator-field-phone-1_69e62ada3489c-label\" class=\"forminator-label\">Telefonsz\u00e1m: <span class=\"forminator-required\">*<\/span><\/label><input type=\"text\" name=\"phone-1\" value=\"\" placeholder=\"\" id=\"forminator-field-phone-1_69e62ada3489c\" class=\"forminator-input forminator-field--phone\" data-required=\"1\" aria-required=\"true\" autocomplete=\"off\" \/><\/div><\/div><\/div><div class=\"forminator-row\"><div id=\"date-1\" class=\"forminator-field-date forminator-col forminator-col-12 \"><div class=\"forminator-field\"><label for=\"forminator-field-date-1-picker_69e62ada3489c\" id=\"forminator-field-date-1-picker_69e62ada3489c-label\" class=\"forminator-label\">\u00c9rkez\u00e9s <span class=\"forminator-required\">*<\/span><\/label><div class=\"forminator-input-with-icon\"><span class=\"forminator-icon-calendar\" aria-hidden=\"true\"><\/span><input autocomplete=\"off\" type=\"text\" size=\"1\" name=\"date-1\" value=\"2026\/04\/20\" placeholder=\"\" id=\"forminator-field-date-1-picker_69e62ada3489c\" class=\"forminator-input forminator-datepicker\" data-required=\"1\" data-format=\"yy\/mm\/dd\" data-restrict-type=\"all\" data-restrict=\"\" data-start-year=\"1926\" data-end-year=\"2126\" data-past-dates=\"enable\" data-start-of-week=\"1\" data-start-date=\"\" data-end-date=\"\" data-start-field=\"\" data-end-field=\"\" data-start-offset=\"\" data-end-offset=\"\" data-disable-date=\"\" data-disable-range=\"\" \/><\/div><\/div><\/div><\/div><div class=\"forminator-row\"><div id=\"date-2\" class=\"forminator-field-date forminator-col forminator-col-12 \"><div class=\"forminator-field\"><label for=\"forminator-field-date-2-picker_69e62ada3489c\" id=\"forminator-field-date-2-picker_69e62ada3489c-label\" class=\"forminator-label\">T\u00e1voz\u00e1s <span class=\"forminator-required\">*<\/span><\/label><div class=\"forminator-input-with-icon\"><span class=\"forminator-icon-calendar\" aria-hidden=\"true\"><\/span><input autocomplete=\"off\" type=\"text\" size=\"1\" name=\"date-2\" value=\"2026\/04\/20\" placeholder=\"\" id=\"forminator-field-date-2-picker_69e62ada3489c\" class=\"forminator-input forminator-datepicker\" data-required=\"1\" data-format=\"yy\/mm\/dd\" data-restrict-type=\"\" data-restrict=\"\" data-start-year=\"1926\" data-end-year=\"2126\" data-past-dates=\"enable\" data-start-of-week=\"1\" data-start-date=\"\" data-end-date=\"\" data-start-field=\"\" data-end-field=\"\" data-start-offset=\"\" data-end-offset=\"\" data-disable-date=\"\" data-disable-range=\"\" \/><\/div><\/div><\/div><\/div><div class=\"forminator-row\"><div id=\"number-1\" class=\"forminator-field-number forminator-col forminator-col-12 \"><div class=\"forminator-field\"><label for=\"forminator-field-number-1_69e62ada3489c\" id=\"forminator-field-number-1_69e62ada3489c-label\" class=\"forminator-label\">L\u00e9tsz\u00e1m <span class=\"forminator-required\">*<\/span><\/label><input name=\"number-1\" value=\"\" placeholder=\"\" id=\"forminator-field-number-1_69e62ada3489c\" class=\"forminator-input forminator-number--field\" inputmode=\"decimal\" data-required=\"1\" data-decimals=\"0\" aria-required=\"true\" data-inputmask=\"&#039;groupSeparator&#039;: &#039;&#039;, &#039;radixPoint&#039;: &#039;&#039;, &#039;digits&#039;: &#039;0&#039;\" data-hidden-behavior=\"zero\" type=\"number\" step=\"any\" min=\"1\" max=\"150\" \/><\/div><\/div><\/div><div class=\"forminator-row\"><div id=\"textarea-1\" class=\"forminator-field-textarea forminator-col forminator-col-12 \"><div class=\"forminator-field\"><label for=\"forminator-field-textarea-1_69e62ada3489c\" id=\"forminator-field-textarea-1_69e62ada3489c-label\" class=\"forminator-label\">Ig\u00e9nyek, k\u00e9rd\u00e9sek<\/label><span id=\"forminator-field-textarea-1_69e62ada3489c-description\" class=\"forminator-description\"><span data-limit=\"180\" data-type=\"characters\" data-editor=\"\">0 \/ 180<\/span><\/span><textarea name=\"textarea-1\" placeholder=\"\" id=\"forminator-field-textarea-1_69e62ada3489c\" class=\"forminator-textarea\" rows=\"6\" style=\"min-height:140px;\" maxlength=\"180\" ><\/textarea><\/div><\/div><\/div><input type=\"hidden\" name=\"referer_url\" value=\"\" \/><div class=\"forminator-row forminator-row-last\"><div class=\"forminator-col\"><div class=\"forminator-field\"><button class=\"forminator-button forminator-button-submit\">Aj&aacute;nlatk&eacute;r&eacute;s<\/button><\/div><\/div><\/div><input type=\"hidden\" id=\"forminator_nonce\" name=\"forminator_nonce\" value=\"5d99d9b5df\" \/><input type=\"hidden\" name=\"_wp_http_referer\" value=\"\/videkivendeghazveszto\/wp-json\/wp\/v2\/pages\/566\" \/><input type=\"hidden\" name=\"form_id\" value=\"564\"><input type=\"hidden\" name=\"page_id\" value=\"566\"><input type=\"hidden\" name=\"form_type\" value=\"default\"><input type=\"hidden\" name=\"current_url\" value=\"https:\/\/foglalas.foglalo.app\/videkivendeghazveszto\/ajanlatkeres\/\"><input type=\"hidden\" name=\"render_id\" value=\"0\"><input type=\"hidden\" name=\"action\" value=\"forminator_submit_form_custom-forms\"><\/form>\n","protected":false},"excerpt":{"rendered":"","protected":false},"author":1,"featured_media":0,"parent":0,"menu_order":0,"comment_status":"closed","ping_status":"closed","template":"","meta":{"footnotes":""},"class_list":["post-566","page","type-page","status-publish","hentry"],"_links":{"self":[{"href":"https:\/\/foglalas.foglalo.app\/videkivendeghazveszto\/wp-json\/wp\/v2\/pages\/566","targetHints":{"allow":["GET"]}}],"collection":[{"href":"https:\/\/foglalas.foglalo.app\/videkivendeghazveszto\/wp-json\/wp\/v2\/pages"}],"about":[{"href":"https:\/\/foglalas.foglalo.app\/videkivendeghazveszto\/wp-json\/wp\/v2\/types\/page"}],"author":[{"embeddable":true,"href":"https:\/\/foglalas.foglalo.app\/videkivendeghazveszto\/wp-json\/wp\/v2\/users\/1"}],"replies":[{"embeddable":true,"href":"https:\/\/foglalas.foglalo.app\/videkivendeghazveszto\/wp-json\/wp\/v2\/comments?post=566"}],"version-history":[{"count":1,"href":"https:\/\/foglalas.foglalo.app\/videkivendeghazveszto\/wp-json\/wp\/v2\/pages\/566\/revisions"}],"predecessor-version":[{"id":567,"href":"https:\/\/foglalas.foglalo.app\/videkivendeghazveszto\/wp-json\/wp\/v2\/pages\/566\/revisions\/567"}],"wp:attachment":[{"href":"https:\/\/foglalas.foglalo.app\/videkivendeghazveszto\/wp-json\/wp\/v2\/media?parent=566"}],"curies":[{"name":"wp","href":"https:\/\/api.w.org\/{rel}","templated":true}]}}